{"id":21,"date":"2021-01-20T19:58:34","date_gmt":"2021-01-20T17:58:34","guid":{"rendered":"http:\/\/www.eea-grant-autism.ro\/?page_id=21"},"modified":"2024-07-17T07:54:43","modified_gmt":"2024-07-17T05:54:43","slug":"evenimente","status":"publish","type":"page","link":"https:\/\/www.eea-grant-autism.ro\/ro\/evenimente","title":{"rendered":"Nout\u0103\u021bi"},"content":{"rendered":"\n<p><a href=\"https:\/\/www.youtube.com\/playlist?list=PLccBW8zEAWWnhED1LB7XO-Y5U7WLHHY-G\" target=\"_blank\" rel=\"noreferrer noopener\">Research in the spotlight<\/a><\/p>\n\n\n\n<p><\/p>\n\n\n\n<h2 class=\"wp-block-heading\">Lansarea proiectului:<\/h2>\n\n\n\n<div class=\"wp-block-columns is-layout-flex wp-container-core-columns-is-layout-9d6595d7 wp-block-columns-is-layout-flex\">\n<div class=\"wp-block-column is-vertically-aligned-center is-layout-flow wp-block-column-is-layout-flow\" style=\"flex-basis:100%\">\n<div class=\"wp-block-columns is-layout-flex wp-container-core-columns-is-layout-9d6595d7 wp-block-columns-is-layout-flex\">\n<div class=\"wp-block-column is-layout-flow wp-block-column-is-layout-flow\" style=\"flex-basis:66.66%\">\n<figure class=\"wp-block-image size-large\"><a href=\"https:\/\/www.agerpres.ro\/sanatate\/2019\/10\/24\/300-de-copii-cu-tulburari-de-spectru-autist-investigati-in-cadrul-unui-proiect-cu-fonduri-norvegiene--390891\" target=\"_blank\" rel=\"noopener\"><img loading=\"lazy\" decoding=\"async\" width=\"913\" height=\"691\" src=\"http:\/\/www.eea-grant-autism.ro\/wp-content\/uploads\/2021\/04\/agerpres.png\" alt=\"\" class=\"wp-image-165\" srcset=\"https:\/\/www.eea-grant-autism.ro\/wp-content\/uploads\/2021\/04\/agerpres.png 913w, https:\/\/www.eea-grant-autism.ro\/wp-content\/uploads\/2021\/04\/agerpres-300x227.png 300w, https:\/\/www.eea-grant-autism.ro\/wp-content\/uploads\/2021\/04\/agerpres-768x581.png 768w\" sizes=\"auto, (max-width: 913px) 100vw, 913px\" \/><\/a><\/figure>\n<\/div>\n\n\n\n<div class=\"wp-block-column is-layout-flow wp-block-column-is-layout-flow\" style=\"flex-basis:33.33%\">\n<blockquote class=\"wp-block-quote is-layout-flow wp-block-quote-is-layout-flow\">\n<p><em>Obiectivul principal al proiectului este acela de recunoa\u015ftere precoce \u015fi diagnosticare a autismului, dezvoltarea \u015fi implementarea unui protocol pentru studii genetice \u015fi de neuroimagistic\u0103, recomand\u0103ri centrate pe fiecare pacient \u00een parte.<\/em><\/p>\n<\/blockquote>\n<\/div>\n<\/div>\n<\/div>\n<\/div>\n\n\n\n<div class=\"wp-block-columns is-layout-flex wp-container-core-columns-is-layout-9d6595d7 wp-block-columns-is-layout-flex\">\n<div class=\"wp-block-column is-layout-flow wp-block-column-is-layout-flow\" style=\"flex-basis:100%\">\n<div class=\"wp-block-columns is-layout-flex wp-container-core-columns-is-layout-9d6595d7 wp-block-columns-is-layout-flex\">\n<div class=\"wp-block-column is-layout-flow wp-block-column-is-layout-flow\" style=\"flex-basis:66.66%\">\n<figure class=\"wp-block-image size-large is-resized\"><a href=\"https:\/\/www.assmb.ro\/event-post\/un-proiect-ambi-ios-la-spitalul-obregia-realizarea-unui-registru-na-ional-pentru-tulburarea-de-spectru-autist\" target=\"_blank\" rel=\"noopener\"><img loading=\"lazy\" decoding=\"async\" src=\"http:\/\/www.eea-grant-autism.ro\/wp-content\/uploads\/2021\/04\/ASSMB-e1618397251467-1024x508.png\" alt=\"\" class=\"wp-image-164\" width=\"564\" height=\"279\" srcset=\"https:\/\/www.eea-grant-autism.ro\/wp-content\/uploads\/2021\/04\/ASSMB-e1618397251467-1024x508.png 1024w, https:\/\/www.eea-grant-autism.ro\/wp-content\/uploads\/2021\/04\/ASSMB-e1618397251467-300x149.png 300w, https:\/\/www.eea-grant-autism.ro\/wp-content\/uploads\/2021\/04\/ASSMB-e1618397251467-768x381.png 768w, https:\/\/www.eea-grant-autism.ro\/wp-content\/uploads\/2021\/04\/ASSMB-e1618397251467-1536x763.png 1536w, https:\/\/www.eea-grant-autism.ro\/wp-content\/uploads\/2021\/04\/ASSMB-e1618397251467.png 1569w\" sizes=\"auto, (max-width: 564px) 100vw, 564px\" \/><\/a><\/figure>\n<\/div>\n\n\n\n<div class=\"wp-block-column is-layout-flow wp-block-column-is-layout-flow\" style=\"flex-basis:33.33%\">\n<blockquote class=\"wp-block-quote is-layout-flow wp-block-quote-is-layout-flow\">\n<p>&#8220;La Spitalul Clinic Dr. Alexandru Obregia (&#8230;) a avut loc, ast\u0103zi, conferin\u021ba de pres\u0103 prilejuit\u0103 de lansarea proiectului: ,,\u00cembun\u0103t\u0103\u021birea calit\u0103\u021bii vie\u021bii pacien\u021bilor cu tulbur\u0103ri de spectru autist prin promovarea unor strategii de diagnosticare precoce&nbsp;\u0219i m\u0103suri de preven\u021bie\u201d<\/p>\n<\/blockquote>\n<\/div>\n<\/div>\n\n\n\n<div class=\"wp-block-columns is-layout-flex wp-container-core-columns-is-layout-9d6595d7 wp-block-columns-is-layout-flex\">\n<div class=\"wp-block-column is-layout-flow wp-block-column-is-layout-flow\" style=\"flex-basis:66.66%\">\n<figure class=\"wp-block-image size-large\"><a href=\"https:\/\/www.viata-medicala.ro\/stiri\/proiect-dedicat-diagnosticului-precoce-al-tulburarilor-din-spectrul-autist-tsa-15418\"><img loading=\"lazy\" decoding=\"async\" width=\"1024\" height=\"759\" src=\"http:\/\/www.eea-grant-autism.ro\/wp-content\/uploads\/2021\/04\/viata-medicala-1-1-1024x759.png\" alt=\"\" class=\"wp-image-168\" srcset=\"https:\/\/www.eea-grant-autism.ro\/wp-content\/uploads\/2021\/04\/viata-medicala-1-1-1024x759.png 1024w, https:\/\/www.eea-grant-autism.ro\/wp-content\/uploads\/2021\/04\/viata-medicala-1-1-300x222.png 300w, https:\/\/www.eea-grant-autism.ro\/wp-content\/uploads\/2021\/04\/viata-medicala-1-1-768x569.png 768w, https:\/\/www.eea-grant-autism.ro\/wp-content\/uploads\/2021\/04\/viata-medicala-1-1.png 1061w\" sizes=\"auto, (max-width: 1024px) 100vw, 1024px\" \/><\/a><\/figure>\n<\/div>\n\n\n\n<div class=\"wp-block-column is-layout-flow wp-block-column-is-layout-flow\" style=\"flex-basis:33.33%\">\n<blockquote class=\"wp-block-quote is-layout-flow wp-block-quote-is-layout-flow\">\n<p>Dr. Magdalena Budi\u0219teanu, managerul proiectului, subliniaz\u0103 c\u0103 un program na\u021bional de screening \u00een privin\u021ba tulbur\u0103rilor din spectrul autist exist\u0103 pe h\u00e2rtie \u0219i c\u0103 este important ca diagnosticul micu\u021bilor s\u0103 se fac\u0103 precoce. Ea aminte\u0219te de c\u00e2t de importan\u021bi sunt medicii pediatri \u0219i cei de familie, \u00eentruc\u00e2t \u00eei pot sf\u0103tui pe p\u0103rin\u021bi s\u0103 mearg\u0103 cu copilul la un medic psihiatru.&nbsp;<\/p>\n<\/blockquote>\n<\/div>\n<\/div>\n\n\n\n<div class=\"wp-block-columns is-layout-flex wp-container-core-columns-is-layout-9d6595d7 wp-block-columns-is-layout-flex\">\n<div class=\"wp-block-column is-layout-flow wp-block-column-is-layout-flow\" style=\"flex-basis:66.66%\">\n<figure class=\"wp-block-image\"><a href=\"https:\/\/www.viata-medicala.ro\/stiri\/sute-de-copii-romani-inrolati-intr-un-amplu-studiu-dedicat-tulburarilor-de-spectru-autist-15804\"><img loading=\"lazy\" decoding=\"async\" width=\"971\" height=\"804\" src=\"http:\/\/www.eea-grant-autism.ro\/wp-content\/uploads\/2021\/04\/viata-medicala-2.png\" alt=\"\" class=\"wp-image-169\" srcset=\"https:\/\/www.eea-grant-autism.ro\/wp-content\/uploads\/2021\/04\/viata-medicala-2.png 971w, https:\/\/www.eea-grant-autism.ro\/wp-content\/uploads\/2021\/04\/viata-medicala-2-300x248.png 300w, https:\/\/www.eea-grant-autism.ro\/wp-content\/uploads\/2021\/04\/viata-medicala-2-768x636.png 768w\" sizes=\"auto, (max-width: 971px) 100vw, 971px\" \/><\/a><\/figure>\n<\/div>\n\n\n\n<div class=\"wp-block-column is-layout-flow wp-block-column-is-layout-flow\" style=\"flex-basis:33.33%\">\n<blockquote class=\"wp-block-quote is-layout-flow wp-block-quote-is-layout-flow\">\n<p>O parte din testele genetice pentru ace\u0219ti copii se fac \u00een Rom\u00e2nia, la laboratorul de genetic\u0103 medical\u0103 al Institutului Na\u021bional de Cercetare-Dezvoltare \u00een Domeniul Patologiei \u0219i \u0218tiin\u021belor Biomedicale \u201eVictor Babe\u0219\u201d.<\/p>\n<\/blockquote>\n\n\n\n<p><\/p>\n<\/div>\n<\/div>\n<\/div>\n<\/div>\n\n\n\n<div class=\"wp-block-group\"><div class=\"wp-block-group__inner-container is-layout-flow wp-block-group-is-layout-flow\">\n<div class=\"wp-block-columns is-layout-flex wp-container-core-columns-is-layout-9d6595d7 wp-block-columns-is-layout-flex\">\n<div class=\"wp-block-column is-layout-flow wp-block-column-is-layout-flow\" style=\"flex-basis:66.66%\">\n<figure class=\"wp-block-image size-large\"><img loading=\"lazy\" decoding=\"async\" width=\"1024\" height=\"607\" src=\"http:\/\/www.eea-grant-autism.ro\/wp-content\/uploads\/2021\/04\/open-conf-IVB-1024x607.png\" alt=\"\" class=\"wp-image-191\" srcset=\"https:\/\/www.eea-grant-autism.ro\/wp-content\/uploads\/2021\/04\/open-conf-IVB-1024x607.png 1024w, https:\/\/www.eea-grant-autism.ro\/wp-content\/uploads\/2021\/04\/open-conf-IVB-300x178.png 300w, https:\/\/www.eea-grant-autism.ro\/wp-content\/uploads\/2021\/04\/open-conf-IVB-768x455.png 768w, https:\/\/www.eea-grant-autism.ro\/wp-content\/uploads\/2021\/04\/open-conf-IVB.png 1042w\" sizes=\"auto, (max-width: 1024px) 100vw, 1024px\" \/><\/figure>\n<\/div>\n\n\n\n<div class=\"wp-block-column is-layout-flow wp-block-column-is-layout-flow\" style=\"flex-basis:33.33%\">\n<blockquote class=\"wp-block-quote is-layout-flow wp-block-quote-is-layout-flow\">\n<p>Prezentarea partenerului Institutul Victor Babes la conferinta de deschidere a proiectului 24\/OCT\/2019<\/p>\n<\/blockquote>\n<\/div>\n<\/div>\n<\/div><\/div>\n\n\n\n<div class=\"wp-block-columns is-layout-flex wp-container-core-columns-is-layout-9d6595d7 wp-block-columns-is-layout-flex\">\n<div class=\"wp-block-column is-layout-flow wp-block-column-is-layout-flow\" style=\"flex-basis:100%\">\n<div class=\"wp-block-columns is-layout-flex wp-container-core-columns-is-layout-9d6595d7 wp-block-columns-is-layout-flex\">\n<div class=\"wp-block-column is-layout-flow wp-block-column-is-layout-flow\" style=\"flex-basis:100%\">\n<div class=\"wp-block-columns is-layout-flex wp-container-core-columns-is-layout-9d6595d7 wp-block-columns-is-layout-flex\">\n<div class=\"wp-block-column is-layout-flow wp-block-column-is-layout-flow\" style=\"flex-basis:66.66%\">\n<figure class=\"wp-block-image\"><img loading=\"lazy\" decoding=\"async\" width=\"997\" height=\"692\" src=\"http:\/\/www.eea-grant-autism.ro\/wp-content\/uploads\/2021\/04\/open-conf-obregia.png\" alt=\"\" class=\"wp-image-190\" srcset=\"https:\/\/www.eea-grant-autism.ro\/wp-content\/uploads\/2021\/04\/open-conf-obregia.png 997w, https:\/\/www.eea-grant-autism.ro\/wp-content\/uploads\/2021\/04\/open-conf-obregia-300x208.png 300w, https:\/\/www.eea-grant-autism.ro\/wp-content\/uploads\/2021\/04\/open-conf-obregia-768x533.png 768w\" sizes=\"auto, (max-width: 997px) 100vw, 997px\" \/><\/figure>\n<\/div>\n\n\n\n<div class=\"wp-block-column is-layout-flow wp-block-column-is-layout-flow\" style=\"flex-basis:33.33%\">\n<blockquote class=\"wp-block-quote is-layout-flow wp-block-quote-is-layout-flow\">\n<p>Prezentare la Conferinta de deschidere a proiectului: Improving quality of life for Autism Spectrum Disorders patients by promoting strategies for early diagnosis and preventive measures.<\/p>\n<\/blockquote>\n<\/div>\n<\/div>\n<\/div>\n<\/div>\n\n\n\n<div class=\"wp-block-columns is-layout-flex wp-container-core-columns-is-layout-9d6595d7 wp-block-columns-is-layout-flex\">\n<div class=\"wp-block-column is-layout-flow wp-block-column-is-layout-flow\" style=\"flex-basis:66.66%\">\n<figure class=\"wp-block-image size-large\"><img loading=\"lazy\" decoding=\"async\" width=\"1024\" height=\"577\" src=\"http:\/\/www.eea-grant-autism.ro\/wp-content\/uploads\/2021\/04\/prezentare-conf-autism-2021-1024x577.png\" alt=\"\" class=\"wp-image-194\" srcset=\"https:\/\/www.eea-grant-autism.ro\/wp-content\/uploads\/2021\/04\/prezentare-conf-autism-2021-1024x577.png 1024w, https:\/\/www.eea-grant-autism.ro\/wp-content\/uploads\/2021\/04\/prezentare-conf-autism-2021-300x169.png 300w, https:\/\/www.eea-grant-autism.ro\/wp-content\/uploads\/2021\/04\/prezentare-conf-autism-2021-768x433.png 768w, https:\/\/www.eea-grant-autism.ro\/wp-content\/uploads\/2021\/04\/prezentare-conf-autism-2021-1536x866.png 1536w, https:\/\/www.eea-grant-autism.ro\/wp-content\/uploads\/2021\/04\/prezentare-conf-autism-2021.png 1551w\" sizes=\"auto, (max-width: 1024px) 100vw, 1024px\" \/><\/figure>\n<\/div>\n\n\n\n<div class=\"wp-block-column is-layout-flow wp-block-column-is-layout-flow\" style=\"flex-basis:33.33%\"><\/div>\n<\/div>\n<\/div>\n<\/div>\n\n\n\n<p><\/p>\n\n\n\n<h2 class=\"wp-block-heading\"><\/h2>\n","protected":false},"excerpt":{"rendered":"<p>Research in the spotlight Lansarea proiectului: Obiectivul principal al proiectului este acela de recunoa\u015ftere precoce \u015fi diagnosticare a autismului, dezvoltarea \u015fi implementarea unui protocol pentru&hellip;<\/p>\n","protected":false},"author":1,"featured_media":0,"parent":0,"menu_order":0,"comment_status":"closed","ping_status":"closed","template":"","meta":{"footnotes":""},"class_list":["post-21","page","type-page","status-publish","hentry"],"translation":{"provider":"WPGlobus","version":"3.0.2","language":"ro","enabled_languages":["en","ro"],"languages":{"en":{"title":true,"content":true,"excerpt":false},"ro":{"title":true,"content":true,"excerpt":false}}},"_links":{"self":[{"href":"https:\/\/www.eea-grant-autism.ro\/ro\/wp-json\/wp\/v2\/pages\/21","targetHints":{"allow":["GET"]}}],"collection":[{"href":"https:\/\/www.eea-grant-autism.ro\/ro\/wp-json\/wp\/v2\/pages"}],"about":[{"href":"https:\/\/www.eea-grant-autism.ro\/ro\/wp-json\/wp\/v2\/types\/page"}],"author":[{"embeddable":true,"href":"https:\/\/www.eea-grant-autism.ro\/ro\/wp-json\/wp\/v2\/users\/1"}],"replies":[{"embeddable":true,"href":"https:\/\/www.eea-grant-autism.ro\/ro\/wp-json\/wp\/v2\/comments?post=21"}],"version-history":[{"count":14,"href":"https:\/\/www.eea-grant-autism.ro\/ro\/wp-json\/wp\/v2\/pages\/21\/revisions"}],"predecessor-version":[{"id":306,"href":"https:\/\/www.eea-grant-autism.ro\/ro\/wp-json\/wp\/v2\/pages\/21\/revisions\/306"}],"wp:attachment":[{"href":"https:\/\/www.eea-grant-autism.ro\/ro\/wp-json\/wp\/v2\/media?parent=21"}],"curies":[{"name":"wp","href":"https:\/\/api.w.org\/{rel}","templated":true}]}}