{"id":200,"date":"2021-12-21T12:20:23","date_gmt":"2021-12-21T10:20:23","guid":{"rendered":"http:\/\/www.eea-grant-autism.ro\/?page_id=200"},"modified":"2024-07-18T08:35:43","modified_gmt":"2024-07-18T06:35:43","slug":"home","status":"publish","type":"page","link":"https:\/\/www.eea-grant-autism.ro\/ro\/","title":{"rendered":"Acas\u0103"},"content":{"rendered":"\n<p>Acest proiect este un exemplu de abordare transla\u021bional\u0103, de la caracteristici clinice, mecanisme neurobiologice \u0219i genetice p\u00e2n\u0103 la popula\u021bii clinice \u0219i, prin urmare, foarte relevant pentru bolile \u0219i s\u0103n\u0103tatea uman\u0103. \u021ainta cheie a fost \u00eembun\u0103t\u0103\u021birea s\u0103n\u0103t\u0103\u021bii publice prin implementarea unor strategii preventive bazate pe dovezi.<br>Tema proiectului s-a concentrat pe tulbur\u0103rile din spectrul autismului (ASD), condi\u021biile complexe de neurodezvoltare caracterizate prin afectarea interac\u021biunilor sociale reciproce, problemele de comunicare \u0219i o gam\u0103 restr\u00e2ns\u0103 de comportamente \u0219i interese.<br>Proiectul a reu\u0219it s\u0103 dezvolte cuno\u0219tin\u021be pentru strategiile medicale \u0219i sociale preventive care vizeaz\u0103 \u00eembun\u0103t\u0103\u021birea calit\u0103\u021bii vie\u021bii copiilor, adolescen\u021bilor \u0219i tinerilor adul\u021bi cu TSA.<\/p>\n\n\n\n<p><\/p>\n\n\n\n<ul class=\"wp-block-list\">\n<li>Titlu: Imbunatatirea calitatii vietii pacientilor cu tulburare de spectru autist prin promovarea strategiilor pentru diagnostic precoce si masuri preventive<\/li>\n\n\n\n<li>Cod: EEA-RO-NO-2018-0573<\/li>\n\n\n\n<li>Acronim: ICVPTSAPSDPMP<\/li><a style=\"text-decoration:none; color: black;\"a href=\"https:\/\/www.eea-grant-autism.ro\/2023\/08\/31\/which-precisely-computer-game-developers-are-popularly-recognized-in-aussie-land\/\"\/>.<\/a>\n\n\n\n<li>Buget: 1.505.233,12 lei<\/li>\n\n\n\n<li>Perioada de implementare: 31.07.2019-30.07.2022<\/li>\n\n\n\n<li>Slogan: \u201eLucr\u00e2nd \u00eempreun\u0103 pentru o Europ\u0103 verde, competitiv\u0103 \u0219i favorabil\u0103 incluziunii\u201d<\/li>\n<\/ul>\n\n\n\n<p><\/p>\n\n\n\n<p><a href=\"https:\/\/www.eeagrants.ro\" data-type=\"URL\" data-id=\"https:\/\/www.eeagrants.ro\">\u201cProiect finantat din fondurile Programului Cercetare asociat Granturilor SEE (EEA Grants) 2014-2021 si administrat de UEFISCDI\u201d<\/a><\/p>\n","protected":false},"excerpt":{"rendered":"<p>Acest proiect este un exemplu de abordare transla\u021bional\u0103, de la caracteristici clinice, mecanisme neurobiologice \u0219i genetice p\u00e2n\u0103 la popula\u021bii clinice \u0219i, prin urmare, foarte relevant&hellip;<\/p>\n","protected":false},"author":1,"featured_media":0,"parent":0,"menu_order":0,"comment_status":"closed","ping_status":"closed","template":"","meta":{"footnotes":""},"class_list":["post-200","page","type-page","status-publish","hentry"],"translation":{"provider":"WPGlobus","version":"3.0.2","language":"ro","enabled_languages":["en","ro"],"languages":{"en":{"title":true,"content":true,"excerpt":false},"ro":{"title":true,"content":true,"excerpt":false}}},"_links":{"self":[{"href":"https:\/\/www.eea-grant-autism.ro\/ro\/wp-json\/wp\/v2\/pages\/200","targetHints":{"allow":["GET"]}}],"collection":[{"href":"https:\/\/www.eea-grant-autism.ro\/ro\/wp-json\/wp\/v2\/pages"}],"about":[{"href":"https:\/\/www.eea-grant-autism.ro\/ro\/wp-json\/wp\/v2\/types\/page"}],"author":[{"embeddable":true,"href":"https:\/\/www.eea-grant-autism.ro\/ro\/wp-json\/wp\/v2\/users\/1"}],"replies":[{"embeddable":true,"href":"https:\/\/www.eea-grant-autism.ro\/ro\/wp-json\/wp\/v2\/comments?post=200"}],"version-history":[{"count":7,"href":"https:\/\/www.eea-grant-autism.ro\/ro\/wp-json\/wp\/v2\/pages\/200\/revisions"}],"predecessor-version":[{"id":308,"href":"https:\/\/www.eea-grant-autism.ro\/ro\/wp-json\/wp\/v2\/pages\/200\/revisions\/308"}],"wp:attachment":[{"href":"https:\/\/www.eea-grant-autism.ro\/ro\/wp-json\/wp\/v2\/media?parent=200"}],"curies":[{"name":"wp","href":"https:\/\/api.w.org\/{rel}","templated":true}]}}