{"id":19,"date":"2021-01-20T19:57:41","date_gmt":"2021-01-20T17:57:41","guid":{"rendered":"http:\/\/www.eea-grant-autism.ro\/?page_id=19"},"modified":"2021-12-21T13:59:03","modified_gmt":"2021-12-21T11:59:03","slug":"echipa","status":"publish","type":"page","link":"https:\/\/www.eea-grant-autism.ro\/ro\/echipa","title":{"rendered":"Echipa"},"content":{"rendered":"\n<ul class=\"wp-block-list\"><li>Promotor Proiect: <a rel=\"noreferrer noopener\" href=\"http:\/\/spital-obregia.ro\/eea-ro-no-grant-62019\/\" target=\"_blank\">Spitalul Clinic de Psihiatrie &#8220;Prof. Dr. Alex. Obregia\u201d<\/a>, Bucuresti &#8211; <ul><li>reprezentat de <a rel=\"noreferrer noopener\" href=\"http:\/\/www.eea-grant-autism.ro\/wp-content\/uploads\/2021\/04\/CV-Magdalena-Budisteanu.pdf\" target=\"_blank\">Conf Dr. Magdalena Budisteanu<\/a>, MD, PhD, Cercetator principal<\/li><\/ul><\/li><\/ul>\n\n\n\n<p>Interes de cercetare: caracterizarea clinic\u0103 \u0219i genetic\u0103 a bolilor neuropsihiatrice, cu un accent principal pe dizabilit\u0103\u021bile intelectuale, tulbur\u0103rile din spectrul autist, malforma\u021biile cerebrale \u0219i sindroamele epileptice.<\/p>\n\n\n\n<p>Rol \u00een cadrul proiectului:<\/p>\n\n\n\n<p>&#8211; procedura de screening si selectie a grupului de pacien\u021bi<\/p>\n\n\n\n<p>&#8211; RMN cerebral<\/p>\n\n\n\n<p>&#8211; monitorizare clinic\u0103 \u0219i elaborare planuri de interven\u021bie adaptate pacientului, bazate pe fenotip, etiologie genetic\u0103 \u0219i rezultate RMN <\/p>\n\n\n\n<p>&#8211; diseminarea rezultatelor proiectului<\/p>\n\n\n\n<p>Educa\u021bie:<\/p>\n\n\n\n<p>2007: Doctor \u00een Medicin\u0103 la Universitatea de Medicin\u0103 \u0219i Farmacie \u201eCarol Davila\u201d, Bucure\u0219ti<\/p>\n\n\n\n<p>2006: Medic Specialist Neurologie Pediatric\u0103<\/p>\n\n\n\n<p>1995: Licen\u0163iat \u00een Medicin\u0103, Facultatea de Medicin\u0103, Craiova<\/p>\n\n\n\n<p>Pozi\u021bii: <\/p>\n\n\n\n<p>2001 &#8211; 2009: Cercet\u0103tor, Laboratorul de Cercetare Psihiatrie, \u201eAlex. Obregia \u201dClinic Spitalul de Psihiatrie, Bucuresti<\/p>\n\n\n\n<p>2009 &#8211; prezent: Cercet\u0103tor principal, \u0218ef Laborator Psihiatrie de Cercetare, \u201eAlex. Spitalul Clinic de Psihiatrie Obregia \u201dBucure\u0219ti<\/p>\n\n\n\n<p>2001 \u2013 prezent: Cercetator, Laboratorul de Genetica Medicala, Institutul National de Patologie Victor Babes, Bucuresti<\/p>\n\n\n\n<p>2018: Conferen\u021biar, Facultatea de Medicin\u0103, Universitatea \u201eTitu Maiorescu\u201d, Bucure\u0219ti<\/p>\n\n\n\n<p><\/p>\n\n\n\n<p><\/p>\n\n\n\n<ul class=\"wp-block-list\"><li>Partener 1 &#8211; <a href=\"https:\/\/www.uio.no\/english\/\">Universitatea din Oslo<\/a><ul><li>reprezentata de <a rel=\"noreferrer noopener\" href=\"http:\/\/www.eea-grant-autism.ro\/wp-content\/uploads\/2021\/04\/CV-Ole-Andreassen.pdf\" target=\"_blank\">Prof Dr Ole Andreassen<\/a><\/li><\/ul><\/li><\/ul>\n\n\n\n<p>Domeniul de cercetare \u0219i expertiz\u0103 \u00een cercetare: Neuropsihiatrie, genetic\u0103, instrumente analitice \u0219i de predic\u021bie, eHealth<\/p>\n\n\n\n<p><\/p>\n\n\n\n<p>Rol \u00een cadrul proiectului:<\/p>\n\n\n\n<p>&#8211; Analize de date WES<\/p>\n\n\n\n<p>&#8211; monitorizare medical\u0103 \u0219i planuri de interven\u021bie adaptate pacientului, bazate pe fenotip, etiologie genetic\u0103 \u0219i rezultate RMN<\/p>\n\n\n\n<p>&#8211; asistenta pentru partenerii romani in initierea Registrului National Roman<\/p>\n\n\n\n<p>&#8211; diseminarea rezultatelor proiectului<\/p>\n\n\n\n<p>Educa\u0163ie:<\/p>\n\n\n\n<p>2006 Specialist \u00een psihiatrie, Spitalul Universitar Oslo, Oslo, Norvegia<\/p>\n\n\n\n<p>1998 &#8211; 2000 Post Doc, Harvard Medical School \/ Mass Gen Hosp, Boston, SUA<\/p>\n\n\n\n<p>1996 Doctorat, Psihofarmacologie, Universitatea din Bergen, Bergen, Norvegia (23.05.1996)<\/p>\n\n\n\n<p>1993 MD, Facultatea de Medicin\u0103, Universitatea din Bergen, Bergen, Norvegia<\/p>\n\n\n\n<p>Func\u021bii actuale: Director al Centrului de Excelen\u021b\u0103 NORMENT, Profesor la Universitatea din Oslo<\/p>\n\n\n\n<ul class=\"wp-block-list\"><li>Partener 2 &#8211; <a rel=\"noreferrer noopener\" href=\"https:\/\/www.ivb.ro\/\" target=\"_blank\">Institutul National de Cercetare -Dezvoltare \u201cProf. Dr. Victor Babes\u201d<\/a>, Bucharest <ul><li>reprezentat de <a rel=\"noreferrer noopener\" href=\"http:\/\/www.eea-grant-autism.ro\/wp-content\/uploads\/2021\/04\/CV-Aurora-Arghir.pdf\" target=\"_blank\">Dr Aurora Arghir<\/a>, MD, PhD, Cercet\u0103tor principa<\/li><\/ul><\/li><\/ul>\n\n\n\n<p>Interes de cercetare:  identificarea modific\u0103rilor genetice la pacien\u021bii cu tulbur\u0103ri de neurodezvoltare, cu un accent principal pe dizabilitatea intelectual\u0103, tulbur\u0103rile din spectrul autist \u0219i sindroamele epileptice, prin microarray \u0219i abord\u0103ri NGS \u021bintite<\/p>\n\n\n\n<p>Rol \u00een cadrul proiectului:<\/p>\n\n\n\n<p>&#8211; testare array-CGH \u0219i fragil X<\/p>\n\n\n\n<p>&#8211; Analize de date WES<\/p>\n\n\n\n<p>&#8211; diseminarea rezultatelor proiectului<\/p>\n\n\n\n<p>1995 Licen\u021biat \u00een Medicin\u0103, Universitatea de Medicin\u0103 \u0219i Farmacie \u201eCarol Davila\u201d, Bucure\u0219ti<\/p>\n\n\n\n<p>Pozi\u021bii anterioare \u0219i actuale:<\/p>\n\n\n\n<p>2010 \u2013 prezent \u0218ef Laborator Genetic\u0103 Medical\u0103, Institutul Na\u021bional de Patologie Victor Babe\u0219, Bucure\u0219ti<\/p>\n\n\n\n<p>2016 \u2013 prezent Lector, Universitatea de Medicin\u0103 \u0219i Farmacie \u201eCarol Davila\u201d, Bucure\u0219ti<\/p>\n\n\n\n<p>2001\u20132010 MD, Cercet\u0103tor, Laboratorul de Genetic\u0103 Medical\u0103, Institutul Na\u021bional de Patologie Victor Babe\u0219, Bucure\u0219ti<\/p>\n\n\n\n<p>.<\/p>\n","protected":false},"excerpt":{"rendered":"<p>Promotor Proiect: Spitalul Clinic de Psihiatrie &#8220;Prof. Dr. Alex. Obregia\u201d, Bucuresti &#8211; reprezentat de Conf Dr. Magdalena Budisteanu, MD, PhD, Cercetator principal Interes de cercetare:&hellip;<\/p>\n","protected":false},"author":1,"featured_media":0,"parent":0,"menu_order":0,"comment_status":"closed","ping_status":"closed","template":"","meta":{"footnotes":""},"class_list":["post-19","page","type-page","status-publish","hentry"],"translation":{"provider":"WPGlobus","version":"3.0.2","language":"ro","enabled_languages":["en","ro"],"languages":{"en":{"title":true,"content":true,"excerpt":false},"ro":{"title":true,"content":true,"excerpt":false}}},"_links":{"self":[{"href":"https:\/\/www.eea-grant-autism.ro\/ro\/wp-json\/wp\/v2\/pages\/19","targetHints":{"allow":["GET"]}}],"collection":[{"href":"https:\/\/www.eea-grant-autism.ro\/ro\/wp-json\/wp\/v2\/pages"}],"about":[{"href":"https:\/\/www.eea-grant-autism.ro\/ro\/wp-json\/wp\/v2\/types\/page"}],"author":[{"embeddable":true,"href":"https:\/\/www.eea-grant-autism.ro\/ro\/wp-json\/wp\/v2\/users\/1"}],"replies":[{"embeddable":true,"href":"https:\/\/www.eea-grant-autism.ro\/ro\/wp-json\/wp\/v2\/comments?post=19"}],"version-history":[{"count":20,"href":"https:\/\/www.eea-grant-autism.ro\/ro\/wp-json\/wp\/v2\/pages\/19\/revisions"}],"predecessor-version":[{"id":233,"href":"https:\/\/www.eea-grant-autism.ro\/ro\/wp-json\/wp\/v2\/pages\/19\/revisions\/233"}],"wp:attachment":[{"href":"https:\/\/www.eea-grant-autism.ro\/ro\/wp-json\/wp\/v2\/media?parent=19"}],"curies":[{"name":"wp","href":"https:\/\/api.w.org\/{rel}","templated":true}]}}