{"id":17,"date":"2021-01-20T19:56:27","date_gmt":"2021-01-20T17:56:27","guid":{"rendered":"http:\/\/www.eea-grant-autism.ro\/?page_id=17"},"modified":"2022-07-07T08:52:59","modified_gmt":"2022-07-07T06:52:59","slug":"acasa","status":"publish","type":"page","link":"https:\/\/www.eea-grant-autism.ro\/ro\/acasa","title":{"rendered":"Despre proiect"},"content":{"rendered":"\n<figure class=\"wp-block-pullquote alignwide\"><blockquote><p><strong>Subiectul proiectului <\/strong>se axeaza pe tulbur\u0103rile din spectrul autist (TSA), tulburari complexe de neurodezvoltare asociate cu dizabilitate de durata. Ele reprezinta o povar\u0103 social\u0103 important\u0103 \u0219i de s\u0103n\u0103tate a popula\u021biei. Prevalen\u021ba TSA a crescut dramatic \u00een ultimii ani, ajung\u00e2nd la estim\u0103ri de 1 la 59 de persoane.<\/p><\/blockquote><\/figure>\n\n\n\n<p><strong>Titlul proiectului<\/strong>: \u00cembun\u0103t\u0103\u021birea calit\u0103\u021bii vie\u021bii pacien\u021bilor cu tulbur\u0103ri de spectru autist prin promovarea strategiilor de diagnostic precoce \u0219i m\u0103suri preventive.<\/p>\n\n\n\n<p><strong>Codul proiectului<\/strong>: EEA-RO-NO-2018-0573<\/p>\n\n\n\n<p><strong>Acronim Proiect:<\/strong>&nbsp;IQUALASD<\/p>\n\n\n\n<p>TSA au fost \u00een fruntea cercet\u0103rii fundamentale \u0219i clinice la nivel mondial. De\u0219i o cantitate mare de informa\u021bii s-a acumulat cu o vitez\u0103 foarte mare, TSA reprezint\u0103 \u00een continuare o provocare deosebita pentru profesioni\u0219tii din domeniul s\u0103n\u0103t\u0103\u021bii. Proiectul actual este o abordare transla\u021bional\u0103, de la caracteristici clinice, mecanisme neurobiologice \u0219i genetice la popula\u021bii clinice, realizat\u0103 \u00een colaborare \u00eentre Spitalul de Psihiatrie Obregia (SPO), Institutul Na\u021bional de Patologie Victor Babes (IVB) \u0219i Universitatea din Oslo \u0219i Spitalul Universitar din Oslo (UO) cu o vasta experien\u021b\u0103 \u00een domeniul lor de activitate. Evaluarea complex\u0103 a unei cohorte mari de pacien\u021bi cu TSA va contribui la \u00eenfiin\u021barea Registrului rom\u00e2n pentru TSA \u0219i va oferi date pentru estimarea prevalen\u021bei TSA \u00een Rom\u00e2nia, pentru \u00eembun\u0103t\u0103\u021birea diagnosticului precoce \u0219i pentru o mai bun\u0103 \u00een\u021belegere a mecanismelor TSA. \u00cen plus, prin transferul de cuno\u0219tin\u021be c\u0103tre partenerul rom\u00e2n \u0219i prin investigarea \u00een comun a unei cohorte de pacien\u021bi rom\u00e2ni, va fi satisf\u0103cut\u0103 cererea mare pentru testarea genomic\u0103 a pacien\u021bilor cu TSA din Rom\u00e2nia. Se creeaz\u0103 astfel fundamentele unui parteneriat pe termen lung \u00eentre Rom\u00e2nia \u0219i Norvegia, \u00een domeniul celor mai frecvente afec\u021biuni psihiatrice. Proiectul este extrem de relevant pentru obiectivele \u0219i priorit\u0103\u021bile apelului, intr\u00e2nd \u00een domeniul tematic al S\u0103n\u0103t\u0103\u021bii, subiect cheie \u201e\u00cembun\u0103t\u0103\u021birea s\u0103n\u0103t\u0103\u021bii publice prin implementarea strategiilor preventive bazate pe dovezi\u201d. Prezenta propunere va permite echipelor rom\u00e2ne\u0219ti s\u0103 \u00ee\u0219i \u00eembun\u0103t\u0103\u021beasc\u0103 expertiza \u0219i capacitatea de cercetare, s\u0103 instruiasc\u0103 un num\u0103r crescut de tineri cercet\u0103tori \u00eentr-un mediu de excelen\u021b\u0103 \u0219tiin\u021bific\u0103, s\u0103 \u00ee\u0219i sporeasc\u0103 vizibilitatea prin publicare \u0219i s\u0103 participe activ la alte cereri de programe-cadru ale UE \u0219i la alte surse de finan\u021bare interna\u021bional\u0103.<\/p>\n\n\n\n<p><strong>Domeniul de aplicare al proiectului:<\/strong> Dezvoltarea cuno\u0219tin\u021belor pentru strategii medicale \u0219i sociale preventive care vizeaz\u0103 \u00eembun\u0103t\u0103\u021birea calit\u0103\u021bii vie\u021bii pentru copii, adolescen\u021bi \u0219i adul\u021bi tineri cu TSA.<\/p>\n\n\n\n<p><strong>Obiectivele proiectului:<\/strong> \u00eembun\u0103t\u0103\u021birea recunoa\u0219terii precoce \u0219i a diagnosticului clinic al TSA; dezvoltarea \u0219i implementarea unui protocol cuprinz\u0103tor pentru testarea genetic\u0103 \u0219i imagistica biomedical\u0103; elaborarea de recomand\u0103ri pentru planurile de interven\u021bie centrate pe pacient; furnizarea de cuno\u0219tin\u021be bazate pe cercetare pentru dezvoltarea programelor de integrare social\u0103 \/ \u0219colar\u0103 \/ profesional\u0103; ini\u021bierea \u00eenfiin\u021b\u0103rii Registrului na\u021bional rom\u00e2n pentru TSA.<\/p>\n\n\n\n<p><strong>Rezultate a\u0219teptate:<\/strong> protocoale implementate pentru recunoa\u0219terea clinic\u0103 timpurie a TSA; protocoale optimizate pentru caracterizarea genetic\u0103 a pacien\u021bilor cu TSA; caracterizarea sistematic\u0103 a caracteristicilor structurale ale creierului prin RMN; planurile de interven\u021bie adaptate pacien\u021bilor care urmeaz\u0103 s\u0103 fie diseminate \u00een comunitatea medical\u0103; baza de date a Registrului na\u021bional al TSA din Rom\u00e2nia.<\/p>\n\n\n\n<p>Proiectul este structurat pe:<\/p>\n\n\n\n<ul class=\"wp-block-list\"><li><strong>Metodologii clinice<\/strong>: evaluare clinic\u0103, neurologic\u0103, psihiatric\u0103 \u0219i psihologic\u0103 complet\u0103, instrumente specifice autismului, scale de evaluare cognitiv\u0103<\/li><li><strong>Instrumente de bioimagistic\u0103<\/strong>: IRM cerebral<\/li><li><strong>Tehnologii genetice<\/strong>: teste bazate pe PCR, amplificare dependent\u0103 de ligatur\u0103 multiplex\u0103 (MLPA), hibridizare genomic\u0103 comparativ\u0103 bazat\u0103 pe matrice (matrice-CGH), secven\u021bierea urm\u0103toarei genera\u021bii (NGS)<\/li><li><strong>Instrumente de bioinformatic\u0103<\/strong> \/ statistici pentru analiza datelor mari<\/li><li><strong>Metode specifice pentru planificarea interven\u021biei centrate pe pacient<\/strong>: terapii comportamentale, logopedie, ergoterapie, kinetoterapie combinate cu prevenirea \u0219i monitorizarea complica\u021biilor asociate \u00een mod specific cu cauzele genetice ale TSA.<\/li><\/ul>\n\n\n\n<p>Diferite metode de diseminare vor viza comunitatea medical\u0103 \u0219i academic\u0103, publicul larg, precum \u0219i autorit\u0103\u021bile din domeniul s\u0103n\u0103t\u0103\u021bii \u0219i educa\u021biei, pentru a \u00eemp\u0103rt\u0103\u0219i rezultatele proiectelor \u0219i a cre\u0219te gradul de con\u0219tientizare cu privire la TSA.<\/p>\n\n\n\n<figure class=\"wp-block-pullquote alignwide\"><blockquote><p>Proiect finan\u021bat din fondurile Programului Cercetare asociat Granturilor SEE (<a rel=\"noreferrer noopener\" href=\"https:\/\/www.eeagrants.ro\/\" target=\"_blank\">EEA Grants<\/a>) 2014-2021 \u0219i administrat de <a rel=\"noreferrer noopener\" href=\"https:\/\/uefiscdi.gov.ro\/eea-norway-grants\" target=\"_blank\">UEFISCDI<\/a>.<\/p><\/blockquote><\/figure>\n","protected":false},"excerpt":{"rendered":"<p>Subiectul proiectului se axeaza pe tulbur\u0103rile din spectrul autist (TSA), tulburari complexe de neurodezvoltare asociate cu dizabilitate de durata. Ele reprezinta o povar\u0103 social\u0103 important\u0103&hellip;<\/p>\n","protected":false},"author":1,"featured_media":0,"parent":0,"menu_order":0,"comment_status":"closed","ping_status":"closed","template":"","meta":{"footnotes":""},"class_list":["post-17","page","type-page","status-publish","hentry"],"translation":{"provider":"WPGlobus","version":"3.0.2","language":"ro","enabled_languages":["en","ro"],"languages":{"en":{"title":true,"content":true,"excerpt":false},"ro":{"title":true,"content":true,"excerpt":false}}},"_links":{"self":[{"href":"https:\/\/www.eea-grant-autism.ro\/ro\/wp-json\/wp\/v2\/pages\/17","targetHints":{"allow":["GET"]}}],"collection":[{"href":"https:\/\/www.eea-grant-autism.ro\/ro\/wp-json\/wp\/v2\/pages"}],"about":[{"href":"https:\/\/www.eea-grant-autism.ro\/ro\/wp-json\/wp\/v2\/types\/page"}],"author":[{"embeddable":true,"href":"https:\/\/www.eea-grant-autism.ro\/ro\/wp-json\/wp\/v2\/users\/1"}],"replies":[{"embeddable":true,"href":"https:\/\/www.eea-grant-autism.ro\/ro\/wp-json\/wp\/v2\/comments?post=17"}],"version-history":[{"count":21,"href":"https:\/\/www.eea-grant-autism.ro\/ro\/wp-json\/wp\/v2\/pages\/17\/revisions"}],"predecessor-version":[{"id":263,"href":"https:\/\/www.eea-grant-autism.ro\/ro\/wp-json\/wp\/v2\/pages\/17\/revisions\/263"}],"wp:attachment":[{"href":"https:\/\/www.eea-grant-autism.ro\/ro\/wp-json\/wp\/v2\/media?parent=17"}],"curies":[{"name":"wp","href":"https:\/\/api.w.org\/{rel}","templated":true}]}}