{"id":138,"date":"2021-04-14T10:45:11","date_gmt":"2021-04-14T08:45:11","guid":{"rendered":"http:\/\/www.eea-grant-autism.ro\/?page_id=138"},"modified":"2021-04-16T10:35:35","modified_gmt":"2021-04-16T08:35:35","slug":"about-eea-grants-programme","status":"publish","type":"page","link":"https:\/\/www.eea-grant-autism.ro\/ro\/acasa\/about-eea-grants-programme","title":{"rendered":"Despre granturile SEE"},"content":{"rendered":"\n<p><a href=\"https:\/\/www.eeagrants.ro\/\" target=\"_blank\" rel=\"noreferrer noopener\">Granturile SEE<\/a> reprezint\u0103 contribu\u021bia Islandei, Liechtensteinului \u0219i Norvegiei la o Europ\u0103 verde, competitiv\u0103 \u0219i favorabil\u0103 incluziunii.<br>Exist\u0103 dou\u0103 obiective generale: reducerea disparit\u0103\u021bilor economice \u0219i sociale \u00een Europa \u0219i consolidarea rela\u021biilor bilaterale dintre \u021b\u0103rile donatoare \u0219i cele 15 \u021b\u0103ri ale UE din Europa Central\u0103 \u0219i de Sud \u0219i din \u021a\u0103rile Baltice.<br>Cele trei \u021b\u0103ri donatoare coopereaz\u0103 str\u00e2ns cu UE prin Acordul privind Spa\u021biul Economic European (SEE). Donatorii au acordat 3,3 miliarde EUR prin intermediul sistemelor de subven\u021bii consecutive \u00eentre 1994 \u0219i 2014. Pentru perioada 2014-2021, subven\u021biile SEE se ridic\u0103 la 1,55 miliarde EUR. Priorit\u0103\u021bile pentru aceast\u0103 perioad\u0103 sunt:<\/p>\n\n\n\n<p>\u2022 Inovare, cercetare, educa\u021bie \u0219i competitivitate<br>\u2022 Incluziune social\u0103, ocuparea for\u021bei de munc\u0103 \u00een r\u00e2ndul tinerilor \u0219i reducerea s\u0103r\u0103ciei<br>\u2022 Mediu, energie, schimb\u0103ri climatice \u0219i economie cu emisii reduse de carbon<br>\u2022 Cultur\u0103, societate civil\u0103, bun\u0103 guvernare \u0219i drepturi fundamentale<br>\u2022 Justi\u021bie \u0219i afaceri interne<\/p>\n\n\n\n<p>Granturile SEE sunt finan\u021bate \u00een comun de Islanda, Liechtenstein \u0219i Norvegia, ale c\u0103ror contribu\u021bii se bazeaz\u0103 pe PIB-ul lor.<br>Eligibilitatea pentru subven\u021bii reflect\u0103 criteriile stabilite pentru Fondul de coeziune al UE destinat \u021b\u0103rilor membre \u00een care Venitul na\u021bional brut (VNB) pe locuitor este mai mic de 90% din media UE.<\/p>\n\n\n\n<blockquote class=\"wp-block-quote has-text-align-center is-style-default is-layout-flow wp-block-quote-is-layout-flow\"><p>Lucr<em>\u0103<\/em>m \u00eempreun\u0103 pentru o Europ\u0103 <span class=\"has-inline-color has-vivid-green-cyan-color\">verde<\/span>, <span class=\"has-inline-color has-vivid-red-color\">competitiv\u0103 <\/span>\u0219i <span class=\"has-inline-color has-vivid-cyan-blue-color\">favorabil\u0103 incluziunii<\/span>.<\/p><p><\/p><\/blockquote>\n","protected":false},"excerpt":{"rendered":"<p>Granturile SEE reprezint\u0103 contribu\u021bia Islandei, Liechtensteinului \u0219i Norvegiei la o Europ\u0103 verde, competitiv\u0103 \u0219i favorabil\u0103 incluziunii.Exist\u0103 dou\u0103 obiective generale: reducerea disparit\u0103\u021bilor economice \u0219i sociale \u00een&hellip;<\/p>\n","protected":false},"author":1,"featured_media":0,"parent":17,"menu_order":0,"comment_status":"closed","ping_status":"closed","template":"","meta":{"footnotes":""},"class_list":["post-138","page","type-page","status-publish","hentry"],"translation":{"provider":"WPGlobus","version":"3.0.2","language":"ro","enabled_languages":["en","ro"],"languages":{"en":{"title":true,"content":true,"excerpt":false},"ro":{"title":true,"content":true,"excerpt":false}}},"_links":{"self":[{"href":"https:\/\/www.eea-grant-autism.ro\/ro\/wp-json\/wp\/v2\/pages\/138","targetHints":{"allow":["GET"]}}],"collection":[{"href":"https:\/\/www.eea-grant-autism.ro\/ro\/wp-json\/wp\/v2\/pages"}],"about":[{"href":"https:\/\/www.eea-grant-autism.ro\/ro\/wp-json\/wp\/v2\/types\/page"}],"author":[{"embeddable":true,"href":"https:\/\/www.eea-grant-autism.ro\/ro\/wp-json\/wp\/v2\/users\/1"}],"replies":[{"embeddable":true,"href":"https:\/\/www.eea-grant-autism.ro\/ro\/wp-json\/wp\/v2\/comments?post=138"}],"version-history":[{"count":7,"href":"https:\/\/www.eea-grant-autism.ro\/ro\/wp-json\/wp\/v2\/pages\/138\/revisions"}],"predecessor-version":[{"id":176,"href":"https:\/\/www.eea-grant-autism.ro\/ro\/wp-json\/wp\/v2\/pages\/138\/revisions\/176"}],"up":[{"embeddable":true,"href":"https:\/\/www.eea-grant-autism.ro\/ro\/wp-json\/wp\/v2\/pages\/17"}],"wp:attachment":[{"href":"https:\/\/www.eea-grant-autism.ro\/ro\/wp-json\/wp\/v2\/media?parent=138"}],"curies":[{"name":"wp","href":"https:\/\/api.w.org\/{rel}","templated":true}]}}